{"id":5276,"date":"2023-10-12T13:48:08","date_gmt":"2023-10-12T13:48:08","guid":{"rendered":"https:\/\/tplabs.co\/tombuild\/?page_id=5276"},"modified":"2026-01-29T19:17:09","modified_gmt":"2026-01-29T19:17:09","slug":"projekti","status":"publish","type":"page","link":"https:\/\/ekovoxprodukt.com\/evp\/projekti\/","title":{"rendered":"Projekti"},"content":{"rendered":"\t\t<div data-elementor-type=\"wp-page\" data-elementor-id=\"5276\" class=\"elementor elementor-5276\">\n\t\t\t\t\t\t<section class=\"elementor-section elementor-top-section elementor-element elementor-element-1ed1e0a elementor-section-boxed elementor-section-height-default elementor-section-height-default\" data-id=\"1ed1e0a\" data-element_type=\"section\">\n\t\t\t\t\t\t<div class=\"elementor-container elementor-column-gap-default\">\n\t\t\t\t\t<div class=\"elementor-column elementor-col-100 elementor-top-column elementor-element elementor-element-b033a52\" data-id=\"b033a52\" data-element_type=\"column\">\n\t\t\t<div class=\"elementor-widget-wrap elementor-element-populated\">\n\t\t\t\t\t\t<div class=\"elementor-element elementor-element-4e3bddc elementor-widget elementor-widget-mae-vertical-lines\" data-id=\"4e3bddc\" data-element_type=\"widget\" data-widget_type=\"mae-vertical-lines.default\">\n\t\t\t\t<div class=\"elementor-widget-container\">\n\t\t\t\t\t        <div class=\"master-vertical-lines\">\n                            <div class=\"line elementor-repeater-item-1635f37\"><\/div> \n                            <div class=\"line elementor-repeater-item-8e93fdb\"><\/div> \n                            <div class=\"line elementor-repeater-item-ae0f20a\"><\/div> \n                            <div class=\"line elementor-repeater-item-298b641\"><\/div> \n                    <\/div>\n        \t\t\t\t<\/div>\n\t\t\t\t<\/div>\n\t\t\t\t\t<\/div>\n\t\t<\/div>\n\t\t\t\t\t<\/div>\n\t\t<\/section>\n\t\t\t\t<section class=\"elementor-section elementor-top-section elementor-element elementor-element-a80b1e4 elementor-section-boxed elementor-section-height-default elementor-section-height-default\" data-id=\"a80b1e4\" data-element_type=\"section\">\n\t\t\t\t\t\t<div class=\"elementor-container elementor-column-gap-no\">\n\t\t\t\t\t<div class=\"elementor-column elementor-col-100 elementor-top-column elementor-element elementor-element-b255d5b\" data-id=\"b255d5b\" data-element_type=\"column\">\n\t\t\t<div class=\"elementor-widget-wrap elementor-element-populated\">\n\t\t\t\t\t\t<div class=\"elementor-element elementor-element-e703f9f elementor-widget elementor-widget-spacer\" data-id=\"e703f9f\" data-element_type=\"widget\" data-widget_type=\"spacer.default\">\n\t\t\t\t<div class=\"elementor-widget-container\">\n\t\t\t\t\t\t\t<div class=\"elementor-spacer\">\n\t\t\t<div class=\"elementor-spacer-inner\"><\/div>\n\t\t<\/div>\n\t\t\t\t\t\t<\/div>\n\t\t\t\t<\/div>\n\t\t\t\t\t<\/div>\n\t\t<\/div>\n\t\t\t\t\t<\/div>\n\t\t<\/section>\n\t\t\t\t<section class=\"elementor-section elementor-top-section elementor-element elementor-element-880a18b elementor-section-boxed elementor-section-height-default elementor-section-height-default\" data-id=\"880a18b\" data-element_type=\"section\">\n\t\t\t\t\t\t<div class=\"elementor-container elementor-column-gap-default\">\n\t\t\t\t\t<div class=\"elementor-column elementor-col-100 elementor-top-column elementor-element elementor-element-0e043d5\" data-id=\"0e043d5\" data-element_type=\"column\" data-settings=\"{&quot;background_background&quot;:&quot;classic&quot;}\">\n\t\t\t<div class=\"elementor-widget-wrap elementor-element-populated\">\n\t\t\t\t\t\t<div class=\"elementor-element elementor-element-2c5fa15 elementor-widget elementor-widget-spacer\" data-id=\"2c5fa15\" data-element_type=\"widget\" data-widget_type=\"spacer.default\">\n\t\t\t\t<div class=\"elementor-widget-container\">\n\t\t\t\t\t\t\t<div class=\"elementor-spacer\">\n\t\t\t<div class=\"elementor-spacer-inner\"><\/div>\n\t\t<\/div>\n\t\t\t\t\t\t<\/div>\n\t\t\t\t<\/div>\n\t\t\t\t<section class=\"elementor-section elementor-inner-section elementor-element elementor-element-7b47263 elementor-section-boxed elementor-section-height-default elementor-section-height-default\" data-id=\"7b47263\" data-element_type=\"section\">\n\t\t\t\t\t\t<div class=\"elementor-container elementor-column-gap-default\">\n\t\t\t\t\t<div class=\"elementor-column elementor-col-100 elementor-inner-column elementor-element elementor-element-9f93155\" data-id=\"9f93155\" data-element_type=\"column\">\n\t\t\t<div class=\"elementor-widget-wrap elementor-element-populated\">\n\t\t\t\t\t\t<div class=\"elementor-element elementor-element-aff1f69 elementor-widget__width-initial elementor-widget elementor-widget-heading\" data-id=\"aff1f69\" data-element_type=\"widget\" data-widget_type=\"heading.default\">\n\t\t\t\t<div class=\"elementor-widget-container\">\n\t\t\t\t\t<h2 class=\"elementor-heading-title elementor-size-default\">Na ovoj stranici mo\u017eete da pogledate na\u0161e projekte.<\/h2>\t\t\t\t<\/div>\n\t\t\t\t<\/div>\n\t\t\t\t<div class=\"elementor-element elementor-element-c6d951e elementor-widget-divider--view-line elementor-widget elementor-widget-divider\" data-id=\"c6d951e\" data-element_type=\"widget\" data-widget_type=\"divider.default\">\n\t\t\t\t<div class=\"elementor-widget-container\">\n\t\t\t\t\t\t\t<div class=\"elementor-divider\">\n\t\t\t<span class=\"elementor-divider-separator\">\n\t\t\t\t\t\t<\/span>\n\t\t<\/div>\n\t\t\t\t\t\t<\/div>\n\t\t\t\t<\/div>\n\t\t\t\t<div class=\"elementor-element elementor-element-841593d project-style-3 flexible-true arrows-true arrow-position-bottom custom-arrow offset2 is-slide elementor-widget elementor-widget-mae-project-carousel\" data-id=\"841593d\" data-element_type=\"widget\" data-widget_type=\"mae-project-carousel.default\">\n\t\t\t\t<div class=\"elementor-widget-container\">\n\t\t\t\t\t        \r\n                    <div class=\"projects-filter carousel-filter\">\r\n                                    <div data-filter=\"*\" class=\"cbp-filter-item cbp-filter-item-active filter-item\">Svi projekti<\/div>\r\n                                    <div data-filter=\".izgradnja-objekata\" class=\"cbp-filter-item filter-item\">Izgradnja objekata<\/div>\r\n                                    <div data-filter=\".objekat-javne-namene\" class=\"cbp-filter-item filter-item\">Javno osvetljenje<\/div>\r\n                                    <div data-filter=\".trafostanice\" class=\"cbp-filter-item filter-item\">Trafostanice<\/div>\r\n                                    <div data-filter=\".tuneli\" class=\"cbp-filter-item filter-item\">Tuneli<\/div>\r\n                            <\/div>\r\n        \r\n        <div class=\"master-carousel-box\" data-config='{\"arrowPosition\":\"bottom\",\"arrowMiddleOffset\":null,\"arrowTopOffset\":null,\"autoPlay\":true,\"prevNextButtons\":true,\"pageDots\":false,\"stretch\":\"stretch-both\",\"activeIndex\":\"\",\"initialIndex\":1,\"flexible\":true}'>\r\n                            \r\n                    <div class=\"master-project item-carousel  izgradnja-objekata objekat-javne-namene\">\r\n                        <a class=\"thumb\" href=\"https:\/\/ekovoxprodukt.com\/evp\/project\/vetro-park-kosava\/\" aria-label=\"Vetro park Ko\u0161ava\"><span class=\"inner\"><img fetchpriority=\"high\" decoding=\"async\" src=\"https:\/\/ekovoxprodukt.com\/evp\/wp-content\/uploads\/2023\/09\/vetro-park-kosava-featuredimgwebp.webp\" alt=\"Vetro park Ko\u0161ava\" width=\"466\" height=\"700\"\/><\/span><\/a><div class=\"content-wrap\"><h3 class=\"headline-2\"><a href=\"https:\/\/ekovoxprodukt.com\/evp\/project\/vetro-park-kosava\/\">Vetro park Ko\u0161ava<\/a><\/h3>        <a aria-label=\"button\" class=\"arrow\" href=\"https:\/\/ekovoxprodukt.com\/evp\/project\/vetro-park-kosava\/\">\r\n            <i aria-hidden=\"true\" class=\"ci-right-arrow2\"><\/i>        <\/a>\r\n        <\/div>        <a aria-label=\"button\" class=\"arrow\" href=\"https:\/\/ekovoxprodukt.com\/evp\/project\/vetro-park-kosava\/\">\r\n            <i aria-hidden=\"true\" class=\"ci-right-arrow2\"><\/i>        <\/a>\r\n        \r\n                    <\/div>\r\n                \r\n                    <div class=\"master-project item-carousel  trafostanice tuneli\">\r\n                        <a class=\"thumb\" href=\"https:\/\/ekovoxprodukt.com\/evp\/project\/trafo-stanica-110-10kv-kopaonik\/\" aria-label=\"Trafo stanica 110\/10kV Kopaonik\"><span class=\"inner\"><img decoding=\"async\" src=\"https:\/\/ekovoxprodukt.com\/evp\/wp-content\/uploads\/2023\/09\/TS_Kopaonik_11010kV_slika_6.webp\" alt=\"Trafo stanica 110\/10kV Kopaonik\" width=\"466\" height=\"700\"\/><\/span><\/a><div class=\"content-wrap\"><h3 class=\"headline-2\"><a href=\"https:\/\/ekovoxprodukt.com\/evp\/project\/trafo-stanica-110-10kv-kopaonik\/\">Trafo stanica 110\/10kV Kopaonik<\/a><\/h3>        <a aria-label=\"button\" class=\"arrow\" href=\"https:\/\/ekovoxprodukt.com\/evp\/project\/trafo-stanica-110-10kv-kopaonik\/\">\r\n            <i aria-hidden=\"true\" class=\"ci-right-arrow2\"><\/i>        <\/a>\r\n        <\/div>        <a aria-label=\"button\" class=\"arrow\" href=\"https:\/\/ekovoxprodukt.com\/evp\/project\/trafo-stanica-110-10kv-kopaonik\/\">\r\n            <i aria-hidden=\"true\" class=\"ci-right-arrow2\"><\/i>        <\/a>\r\n        \r\n                    <\/div>\r\n                \r\n                    <div class=\"master-project item-carousel  trafostanice tuneli\">\r\n                        <a class=\"thumb\" href=\"https:\/\/ekovoxprodukt.com\/evp\/project\/trafo-stanica-110-20kv-arandelovac-2\/\" aria-label=\"Trafo Stanica 110\/20kV Aran\u0111elovac 2\"><span class=\"inner\"><img decoding=\"async\" src=\"https:\/\/ekovoxprodukt.com\/evp\/wp-content\/uploads\/2023\/09\/ts-arandjelovac-05.webp\" alt=\"Trafo Stanica 110\/20kV Aran\u0111elovac 2\" width=\"466\" height=\"700\"\/><\/span><\/a><div class=\"content-wrap\"><h3 class=\"headline-2\"><a href=\"https:\/\/ekovoxprodukt.com\/evp\/project\/trafo-stanica-110-20kv-arandelovac-2\/\">Trafo Stanica 110\/20kV Aran\u0111elovac 2<\/a><\/h3>        <a aria-label=\"button\" class=\"arrow\" href=\"https:\/\/ekovoxprodukt.com\/evp\/project\/trafo-stanica-110-20kv-arandelovac-2\/\">\r\n            <i aria-hidden=\"true\" class=\"ci-right-arrow2\"><\/i>        <\/a>\r\n        <\/div>        <a aria-label=\"button\" class=\"arrow\" href=\"https:\/\/ekovoxprodukt.com\/evp\/project\/trafo-stanica-110-20kv-arandelovac-2\/\">\r\n            <i aria-hidden=\"true\" class=\"ci-right-arrow2\"><\/i>        <\/a>\r\n        \r\n                    <\/div>\r\n                \r\n                    <div class=\"master-project item-carousel  trafostanice tuneli\">\r\n                        <a class=\"thumb\" href=\"https:\/\/ekovoxprodukt.com\/evp\/project\/tuneli-laz-i-munjino-brdo\/\" aria-label=\"Tuneli Laz i Munjino brdo\"><span class=\"inner\"><img loading=\"lazy\" decoding=\"async\" src=\"https:\/\/ekovoxprodukt.com\/evp\/wp-content\/uploads\/2023\/09\/tunel-laz-i-munjino-brdo-5-.webp\" alt=\"Tuneli Laz i Munjino brdo\" width=\"800\" height=\"1067\"\/><\/span><\/a><div class=\"content-wrap\"><h3 class=\"headline-2\"><a href=\"https:\/\/ekovoxprodukt.com\/evp\/project\/tuneli-laz-i-munjino-brdo\/\">Tuneli Laz i Munjino brdo<\/a><\/h3>        <a aria-label=\"button\" class=\"arrow\" href=\"https:\/\/ekovoxprodukt.com\/evp\/project\/tuneli-laz-i-munjino-brdo\/\">\r\n            <i aria-hidden=\"true\" class=\"ci-right-arrow2\"><\/i>        <\/a>\r\n        <\/div>        <a aria-label=\"button\" class=\"arrow\" href=\"https:\/\/ekovoxprodukt.com\/evp\/project\/tuneli-laz-i-munjino-brdo\/\">\r\n            <i aria-hidden=\"true\" class=\"ci-right-arrow2\"><\/i>        <\/a>\r\n        \r\n                    <\/div>\r\n                        <\/div>\r\n    \t\t\t\t<\/div>\n\t\t\t\t<\/div>\n\t\t\t\t\t<\/div>\n\t\t<\/div>\n\t\t\t\t\t<\/div>\n\t\t<\/section>\n\t\t\t\t\t<\/div>\n\t\t<\/div>\n\t\t\t\t\t<\/div>\n\t\t<\/section>\n\t\t\t\t<section class=\"elementor-section elementor-top-section elementor-element elementor-element-8d1954e elementor-section-boxed elementor-section-height-default elementor-section-height-default\" data-id=\"8d1954e\" data-element_type=\"section\">\n\t\t\t\t\t\t<div class=\"elementor-container elementor-column-gap-default\">\n\t\t\t\t\t<div class=\"elementor-column elementor-col-100 elementor-top-column elementor-element elementor-element-432e7b0\" data-id=\"432e7b0\" data-element_type=\"column\">\n\t\t\t<div class=\"elementor-widget-wrap elementor-element-populated\">\n\t\t\t\t\t\t<div class=\"elementor-element elementor-element-6a0915d elementor-widget elementor-widget-spacer\" data-id=\"6a0915d\" data-element_type=\"widget\" data-widget_type=\"spacer.default\">\n\t\t\t\t<div class=\"elementor-widget-container\">\n\t\t\t\t\t\t\t<div class=\"elementor-spacer\">\n\t\t\t<div class=\"elementor-spacer-inner\"><\/div>\n\t\t<\/div>\n\t\t\t\t\t\t<\/div>\n\t\t\t\t<\/div>\n\t\t\t\t\t<\/div>\n\t\t<\/div>\n\t\t\t\t\t<\/div>\n\t\t<\/section>\n\t\t\t\t<\/div>\n\t\t","protected":false},"excerpt":{"rendered":"<p>Na ovoj stranici mo\u017eete da pogledate na\u0161e projekte. Svi projekti Izgradnja objekata Javno osvetljenje Trafostanice Tuneli Vetro park Ko\u0161ava Trafo stanica 110\/10kV Kopaonik Trafo Stanica 110\/20kV Aran\u0111elovac 2 Tuneli Laz i Munjino brdo<\/p>\n","protected":false},"author":1,"featured_media":0,"parent":0,"menu_order":0,"comment_status":"closed","ping_status":"closed","template":"","meta":{"footnotes":""},"class_list":["post-5276","page","type-page","status-publish","hentry"],"_links":{"self":[{"href":"https:\/\/ekovoxprodukt.com\/evp\/wp-json\/wp\/v2\/pages\/5276","targetHints":{"allow":["GET"]}}],"collection":[{"href":"https:\/\/ekovoxprodukt.com\/evp\/wp-json\/wp\/v2\/pages"}],"about":[{"href":"https:\/\/ekovoxprodukt.com\/evp\/wp-json\/wp\/v2\/types\/page"}],"author":[{"embeddable":true,"href":"https:\/\/ekovoxprodukt.com\/evp\/wp-json\/wp\/v2\/users\/1"}],"replies":[{"embeddable":true,"href":"https:\/\/ekovoxprodukt.com\/evp\/wp-json\/wp\/v2\/comments?post=5276"}],"version-history":[{"count":0,"href":"https:\/\/ekovoxprodukt.com\/evp\/wp-json\/wp\/v2\/pages\/5276\/revisions"}],"wp:attachment":[{"href":"https:\/\/ekovoxprodukt.com\/evp\/wp-json\/wp\/v2\/media?parent=5276"}],"curies":[{"name":"wp","href":"https:\/\/api.w.org\/{rel}","templated":true}]}}